{"id":6999,"date":"2022-02-17T07:01:43","date_gmt":"2022-02-17T06:01:43","guid":{"rendered":"https:\/\/haus-bernhard.at\/?page_id=6999"},"modified":"2022-12-24T07:10:29","modified_gmt":"2022-12-24T06:10:29","slug":"algemene-voorwaarden","status":"publish","type":"page","link":"https:\/\/haus-bernhard.at\/nl\/full-width\/algemene-voorwaarden\/","title":{"rendered":"Impressum"},"content":{"rendered":"\r\n\r\n\r\n<h2>Haus Bernhard<\/h2>\r\n<p>Familie Kool-Ottens<br \/>Schildlehen 99<br \/>8972 Ramsau am Dachstein<br \/>Tel.:\u00a0<a href=\"tel:+43-664-405-2363\">0043 664 4052363<\/a><br \/>E-Mail:\u00a0<a href=\"mailto:info@haus-bernhard.at\">info@haus-bernhard.at<\/a><\/p>\r\n<p>Informationen zur Online-Streitbeilegung<\/p>\r\n<p>gem\u00e4\u00df Art. 14 Abs. 1 ODR-VO<br \/>Die EU-Kommission bietet die M\u00f6glichkeit zur Online-Streitbeilegung auf einer von ihr betriebenen Plattform (sog. \u201eOS-Plattform\u201c). Die OS-Plattform kann als\u00a0Anlaufstelle zur au\u00dfergerichtlichen Beilegung von Streitigkeiten aus Online-Kaufvertr\u00e4gen oder Dienstleistungsvertr\u00e4gen dienen. Diese Plattform ist \u00fcber\u00a0den externen Link\u00a0\u00a0<a href=\"https:\/\/ec.europa.eu\/consumers\/odr\">https:\/\/ec.europa.eu\/consumers\/odr<\/a>\u00a0zu erreichen.<\/p>\r\n<p>Datenschutz<\/p>\r\n<p>Datenschutz ist uns wichtig, daher nehmen wir den Schutz Ihrer Daten sehr ernst. N\u00e4here Informationen dazu finden Sie in unserer\u00a0<a href=\"https:\/\/haus-bernhard.at\/privacy-policy-haus-bernhard\/\">Datenschutzerkl\u00e4rung<\/a>.<\/p>\r\n<p>Copyright \u00a9<\/p>\r\n<p>Konzept &amp; Design:<br \/>by\u00a0Nancy Kool-Ottens<\/p>\r\n<p>Bildmaterial:<\/p>\r\n<ul>\r\n<li>Erlebnis Rittisberg<\/li>\r\n<li>Photo-Austria<\/li>\r\n<li>Haus Bernhard privat<\/li>\r\n<li>Skiregion Ramsau<\/li>\r\n<li>Tourismusverband Ramsau am Dachstein<\/li>\r\n<\/ul>\r\n\r\n\r\n\r\n<p>&nbsp;<\/p>\r\n","protected":false},"excerpt":{"rendered":"<p>Haus Bernhard Familie Kool-OttensSchildlehen 998972 Ramsau am DachsteinTel.:\u00a00043 664 4052363E-Mail:\u00a0info@haus-bernhard.at Informationen zur Online-Streitbeilegung gem\u00e4\u00df Art. 14 Abs. 1 ODR-VODie EU-Kommission bietet die M\u00f6glichkeit zur Online-Streitbeilegung auf einer von ihr betriebenen Plattform (sog. \u201eOS-Plattform\u201c). Die OS-Plattform kann als\u00a0Anlaufstelle zur au\u00dfergerichtlichen Beilegung von Streitigkeiten aus Online-Kaufvertr\u00e4gen oder Dienstleistungsvertr\u00e4gen dienen. Diese Plattform ist \u00fcber\u00a0den externen Link\u00a0\u00a0https:\/\/ec.europa.eu\/consumers\/odr\u00a0zu erreichen. Datenschutz<\/p>\n<a href=\"https:\/\/haus-bernhard.at\/nl\/full-width\/algemene-voorwaarden\/\" class=\"sohohotel-more-link\">Read More<\/a>","protected":false},"author":4,"featured_media":0,"parent":7164,"menu_order":0,"comment_status":"closed","ping_status":"closed","template":"","meta":{"two_page_speed":[],"footnotes":""},"class_list":["post-6999","page","type-page","status-publish","hentry"],"yoast_head":"<!-- This site is optimized with the Yoast SEO plugin v26.7 - https:\/\/yoast.com\/wordpress\/plugins\/seo\/ -->\n<title>Impressum - Haus Bernhard<\/title>\n<meta name=\"robots\" content=\"noindex, follow, max-snippet:-1, max-image-preview:large, max-video-preview:-1\" \/>\n<meta property=\"og:locale\" content=\"nl_NL\" \/>\n<meta property=\"og:type\" content=\"article\" \/>\n<meta property=\"og:title\" content=\"Impressum - Haus Bernhard\" \/>\n<meta property=\"og:description\" content=\"Haus Bernhard Familie Kool-OttensSchildlehen 998972 Ramsau am DachsteinTel.:\u00a00043 664 4052363E-Mail:\u00a0info@haus-bernhard.at Informationen zur Online-Streitbeilegung gem\u00e4\u00df Art. 14 Abs. 1 ODR-VODie EU-Kommission bietet die M\u00f6glichkeit zur Online-Streitbeilegung auf einer von ihr betriebenen Plattform (sog. \u201eOS-Plattform\u201c). Die OS-Plattform kann als\u00a0Anlaufstelle zur au\u00dfergerichtlichen Beilegung von Streitigkeiten aus Online-Kaufvertr\u00e4gen oder Dienstleistungsvertr\u00e4gen dienen. Diese Plattform ist \u00fcber\u00a0den externen Link\u00a0\u00a0https:\/\/ec.europa.eu\/consumers\/odr\u00a0zu erreichen. Datenschutz\" \/>\n<meta property=\"og:url\" content=\"https:\/\/haus-bernhard.at\/nl\/full-width\/algemene-voorwaarden\/\" \/>\n<meta property=\"og:site_name\" content=\"Haus Bernhard\" \/>\n<meta property=\"article:publisher\" content=\"https:\/\/www.facebook.com\/Haus-Bernhard-Oostenrijk-864447636999528\/\" \/>\n<meta property=\"article:modified_time\" content=\"2022-12-24T06:10:29+00:00\" \/>\n<meta name=\"twitter:card\" content=\"summary_large_image\" \/>\n<meta name=\"twitter:label1\" content=\"Geschatte leestijd\" \/>\n\t<meta name=\"twitter:data1\" content=\"1 minuut\" \/>\n<script type=\"application\/ld+json\" class=\"yoast-schema-graph\">{\"@context\":\"https:\/\/schema.org\",\"@graph\":[{\"@type\":\"WebPage\",\"@id\":\"https:\/\/haus-bernhard.at\/nl\/full-width\/algemene-voorwaarden\/\",\"url\":\"https:\/\/haus-bernhard.at\/nl\/full-width\/algemene-voorwaarden\/\",\"name\":\"Impressum - Haus Bernhard\",\"isPartOf\":{\"@id\":\"https:\/\/haus-bernhard.at\/#website\"},\"datePublished\":\"2022-02-17T06:01:43+00:00\",\"dateModified\":\"2022-12-24T06:10:29+00:00\",\"breadcrumb\":{\"@id\":\"https:\/\/haus-bernhard.at\/nl\/full-width\/algemene-voorwaarden\/#breadcrumb\"},\"inLanguage\":\"nl\",\"potentialAction\":[{\"@type\":\"ReadAction\",\"target\":[\"https:\/\/haus-bernhard.at\/nl\/full-width\/algemene-voorwaarden\/\"]}]},{\"@type\":\"BreadcrumbList\",\"@id\":\"https:\/\/haus-bernhard.at\/nl\/full-width\/algemene-voorwaarden\/#breadcrumb\",\"itemListElement\":[{\"@type\":\"ListItem\",\"position\":1,\"name\":\"Home\",\"item\":\"https:\/\/haus-bernhard.at\/nl\/\"},{\"@type\":\"ListItem\",\"position\":2,\"name\":\"Full Width\",\"item\":\"https:\/\/haus-bernhard.at\/nl\/full-width\/\"},{\"@type\":\"ListItem\",\"position\":3,\"name\":\"Impressum\"}]},{\"@type\":\"WebSite\",\"@id\":\"https:\/\/haus-bernhard.at\/#website\",\"url\":\"https:\/\/haus-bernhard.at\/\",\"name\":\"Haus Bernhard\",\"description\":\"Alpen appartementenhuis in Oostenrijk\",\"potentialAction\":[{\"@type\":\"SearchAction\",\"target\":{\"@type\":\"EntryPoint\",\"urlTemplate\":\"https:\/\/haus-bernhard.at\/?s={search_term_string}\"},\"query-input\":{\"@type\":\"PropertyValueSpecification\",\"valueRequired\":true,\"valueName\":\"search_term_string\"}}],\"inLanguage\":\"nl\"}]}<\/script>\n<!-- \/ Yoast SEO plugin. -->","yoast_head_json":{"title":"Impressum - Haus Bernhard","robots":{"index":"noindex","follow":"follow","max-snippet":"max-snippet:-1","max-image-preview":"max-image-preview:large","max-video-preview":"max-video-preview:-1"},"og_locale":"nl_NL","og_type":"article","og_title":"Impressum - Haus Bernhard","og_description":"Haus Bernhard Familie Kool-OttensSchildlehen 998972 Ramsau am DachsteinTel.:\u00a00043 664 4052363E-Mail:\u00a0info@haus-bernhard.at Informationen zur Online-Streitbeilegung gem\u00e4\u00df Art. 14 Abs. 1 ODR-VODie EU-Kommission bietet die M\u00f6glichkeit zur Online-Streitbeilegung auf einer von ihr betriebenen Plattform (sog. \u201eOS-Plattform\u201c). Die OS-Plattform kann als\u00a0Anlaufstelle zur au\u00dfergerichtlichen Beilegung von Streitigkeiten aus Online-Kaufvertr\u00e4gen oder Dienstleistungsvertr\u00e4gen dienen. Diese Plattform ist \u00fcber\u00a0den externen Link\u00a0\u00a0https:\/\/ec.europa.eu\/consumers\/odr\u00a0zu erreichen. Datenschutz","og_url":"https:\/\/haus-bernhard.at\/nl\/full-width\/algemene-voorwaarden\/","og_site_name":"Haus Bernhard","article_publisher":"https:\/\/www.facebook.com\/Haus-Bernhard-Oostenrijk-864447636999528\/","article_modified_time":"2022-12-24T06:10:29+00:00","twitter_card":"summary_large_image","twitter_misc":{"Geschatte leestijd":"1 minuut"},"schema":{"@context":"https:\/\/schema.org","@graph":[{"@type":"WebPage","@id":"https:\/\/haus-bernhard.at\/nl\/full-width\/algemene-voorwaarden\/","url":"https:\/\/haus-bernhard.at\/nl\/full-width\/algemene-voorwaarden\/","name":"Impressum - Haus Bernhard","isPartOf":{"@id":"https:\/\/haus-bernhard.at\/#website"},"datePublished":"2022-02-17T06:01:43+00:00","dateModified":"2022-12-24T06:10:29+00:00","breadcrumb":{"@id":"https:\/\/haus-bernhard.at\/nl\/full-width\/algemene-voorwaarden\/#breadcrumb"},"inLanguage":"nl","potentialAction":[{"@type":"ReadAction","target":["https:\/\/haus-bernhard.at\/nl\/full-width\/algemene-voorwaarden\/"]}]},{"@type":"BreadcrumbList","@id":"https:\/\/haus-bernhard.at\/nl\/full-width\/algemene-voorwaarden\/#breadcrumb","itemListElement":[{"@type":"ListItem","position":1,"name":"Home","item":"https:\/\/haus-bernhard.at\/nl\/"},{"@type":"ListItem","position":2,"name":"Full Width","item":"https:\/\/haus-bernhard.at\/nl\/full-width\/"},{"@type":"ListItem","position":3,"name":"Impressum"}]},{"@type":"WebSite","@id":"https:\/\/haus-bernhard.at\/#website","url":"https:\/\/haus-bernhard.at\/","name":"Haus Bernhard","description":"Alpen appartementenhuis in Oostenrijk","potentialAction":[{"@type":"SearchAction","target":{"@type":"EntryPoint","urlTemplate":"https:\/\/haus-bernhard.at\/?s={search_term_string}"},"query-input":{"@type":"PropertyValueSpecification","valueRequired":true,"valueName":"search_term_string"}}],"inLanguage":"nl"}]}},"_links":{"self":[{"href":"https:\/\/haus-bernhard.at\/nl\/wp-json\/wp\/v2\/pages\/6999","targetHints":{"allow":["GET"]}}],"collection":[{"href":"https:\/\/haus-bernhard.at\/nl\/wp-json\/wp\/v2\/pages"}],"about":[{"href":"https:\/\/haus-bernhard.at\/nl\/wp-json\/wp\/v2\/types\/page"}],"author":[{"embeddable":true,"href":"https:\/\/haus-bernhard.at\/nl\/wp-json\/wp\/v2\/users\/4"}],"replies":[{"embeddable":true,"href":"https:\/\/haus-bernhard.at\/nl\/wp-json\/wp\/v2\/comments?post=6999"}],"version-history":[{"count":6,"href":"https:\/\/haus-bernhard.at\/nl\/wp-json\/wp\/v2\/pages\/6999\/revisions"}],"predecessor-version":[{"id":10396,"href":"https:\/\/haus-bernhard.at\/nl\/wp-json\/wp\/v2\/pages\/6999\/revisions\/10396"}],"up":[{"embeddable":true,"href":"https:\/\/haus-bernhard.at\/nl\/wp-json\/wp\/v2\/pages\/7164"}],"wp:attachment":[{"href":"https:\/\/haus-bernhard.at\/nl\/wp-json\/wp\/v2\/media?parent=6999"}],"curies":[{"name":"wp","href":"https:\/\/api.w.org\/{rel}","templated":true}]}}